{"id":11557,"date":"2024-05-05T10:47:56","date_gmt":"2024-05-05T10:47:56","guid":{"rendered":"https:\/\/oliverborchers.info\/?page_id=11557"},"modified":"2024-05-05T10:54:48","modified_gmt":"2024-05-05T10:54:48","slug":"die-pruefung-a-mortal-kiss-of-coffee","status":"publish","type":"page","link":"https:\/\/oliverborchers.info\/?page_id=11557","title":{"rendered":"Die Pr\u00fcfung (A Mortal Kiss of Coffee)"},"content":{"rendered":"\n<p><strong>Kurzgeschichte &#8222;Die Pr\u00fcfung&#8220; in Anthologie &#8222;A Mortal Kiss of Coffee&#8220; (Hrsg. Anna Lisa Franzke)<\/strong><\/p>\n\n\n<div class=\"wp-block-image\">\n<figure class=\"alignleft size-large is-resized\"><img loading=\"lazy\" decoding=\"async\" width=\"671\" height=\"1024\" src=\"https:\/\/oliverborchers.info\/wp-content\/uploads\/2024\/05\/Bildschirmfoto-2024-05-05-um-11.22.53-671x1024.png\" alt=\"\" class=\"wp-image-11555\" style=\"width:261px;height:auto\" srcset=\"https:\/\/oliverborchers.info\/wp-content\/uploads\/2024\/05\/Bildschirmfoto-2024-05-05-um-11.22.53-671x1024.png 671w, https:\/\/oliverborchers.info\/wp-content\/uploads\/2024\/05\/Bildschirmfoto-2024-05-05-um-11.22.53-197x300.png 197w, https:\/\/oliverborchers.info\/wp-content\/uploads\/2024\/05\/Bildschirmfoto-2024-05-05-um-11.22.53.png 722w\" sizes=\"auto, (max-width: 671px) 100vw, 671px\" \/><\/figure>\n<\/div>\n\n\n<p>Willkommen in meinem Kaffeehaus!<br>Lass mich dich entf\u00fchren in andere Zeiten und Welten. Ich erz\u00e4hle dir Geschichten von Liebe, Freundschaft, Kaffee und Tod. Von neuen Bekanntschaften und alten Auseinandersetzungen. Wir reisen in fremde Universen und zu einzigartigen Menschen. Mach es dir gem\u00fctlich.<br>Was willst du trinken?<\/p>\n\n\n\n<p>Bei einer gem\u00fctlichen Tasse Kaffee, Cappuccino und anderen Getr\u00e4nken erz\u00e4hlen zw\u00f6lf Autor*innen Geschichten, die sich eventuell so zugetragen\u00a0haben\u00a0k\u00f6nnten.<\/p>\n\n\n\n<p><br>Die Kurzgeschichte &#8222;Die Pr\u00fcfung&#8220; ist eine Hommage an den Paderborner Fluglehrer, der mir auf kluge und einf\u00fchlsame Art die Kunst des Fliegens beibrachte. Ich vermisse die wunderbaren Gespr\u00e4che in luftigen H\u00f6hen!<br>Und nat\u00fcrlich ist die Geschichte auch eine Huldigung an die vielen leckeren portugiesischen Kaffees (\u201apingos\u2019), die ich in den letzten Jahrzehnten konsumieren durfte.<\/p>\n\n\n\n<p>Die Anthologie erscheint am 09.05.2024. Details <a href=\"http:\/\/www.verlag-der-schatten.de\/mahnmale.htm\">hier<\/a><\/p>\n","protected":false},"excerpt":{"rendered":"<p>Kurzgeschichte &#8222;Die Pr\u00fcfung&#8220; in Anthologie &#8222;A Mortal Kiss of Coffee&#8220; (Hrsg. Anna Lisa Franzke) Willkommen in meinem Kaffeehaus!Lass mich dich entf\u00fchren in andere Zeiten und Welten. Ich erz\u00e4hle dir Geschichten von Liebe, Freundschaft, Kaffee und Tod. Von neuen Bekanntschaften und alten Auseinandersetzungen. Wir reisen in fremde Universen und zu einzigartigen Menschen. Mach es dir gem\u00fctlich.Was<\/p>\n<p class=\"more-link\"><a href=\"https:\/\/oliverborchers.info\/?page_id=11557\" class=\"themebutton2\">Read More<\/a><\/p>\n","protected":false},"author":3,"featured_media":0,"parent":0,"menu_order":0,"comment_status":"closed","ping_status":"closed","template":"","meta":{"footnotes":""},"categories":[39],"tags":[],"class_list":["post-11557","page","type-page","status-publish","hentry","category-veroeffentlichungen"],"_links":{"self":[{"href":"https:\/\/oliverborchers.info\/index.php?rest_route=\/wp\/v2\/pages\/11557","targetHints":{"allow":["GET"]}}],"collection":[{"href":"https:\/\/oliverborchers.info\/index.php?rest_route=\/wp\/v2\/pages"}],"about":[{"href":"https:\/\/oliverborchers.info\/index.php?rest_route=\/wp\/v2\/types\/page"}],"author":[{"embeddable":true,"href":"https:\/\/oliverborchers.info\/index.php?rest_route=\/wp\/v2\/users\/3"}],"replies":[{"embeddable":true,"href":"https:\/\/oliverborchers.info\/index.php?rest_route=%2Fwp%2Fv2%2Fcomments&post=11557"}],"version-history":[{"count":2,"href":"https:\/\/oliverborchers.info\/index.php?rest_route=\/wp\/v2\/pages\/11557\/revisions"}],"predecessor-version":[{"id":11560,"href":"https:\/\/oliverborchers.info\/index.php?rest_route=\/wp\/v2\/pages\/11557\/revisions\/11560"}],"wp:attachment":[{"href":"https:\/\/oliverborchers.info\/index.php?rest_route=%2Fwp%2Fv2%2Fmedia&parent=11557"}],"wp:term":[{"taxonomy":"category","embeddable":true,"href":"https:\/\/oliverborchers.info\/index.php?rest_route=%2Fwp%2Fv2%2Fcategories&post=11557"},{"taxonomy":"post_tag","embeddable":true,"href":"https:\/\/oliverborchers.info\/index.php?rest_route=%2Fwp%2Fv2%2Ftags&post=11557"}],"curies":[{"name":"wp","href":"https:\/\/api.w.org\/{rel}","templated":true}]}}