{"id":11529,"date":"2023-07-09T11:13:44","date_gmt":"2023-07-09T11:13:44","guid":{"rendered":"https:\/\/oliverborchers.info\/?page_id=11529"},"modified":"2023-07-09T11:21:31","modified_gmt":"2023-07-09T11:21:31","slug":"nano-porto","status":"publish","type":"page","link":"https:\/\/oliverborchers.info\/?page_id=11529","title":{"rendered":"Nano: Porto"},"content":{"rendered":"\n<p class=\"has-medium-font-size\"><strong>Nano: <\/strong>Porto<\/p>\n\n\n\n<p class=\"has-normal-font-size\"><strong>ein Cyberpunk Roman<\/strong><\/p>\n\n\n\n<p class=\"has-normal-font-size\"><strong>der zweite Teil der Nano: Reihe. <\/strong>D\u00fcster wie der erste &#8211; diesmal jedoch in Portugal. Urlaubsstimmung ist nicht angesagt, denn die dystopischen Ereignisse sind auch an diesem Land nicht spurlos vorbeigegangen. <\/p>\n\n\n<div class=\"wp-block-image is-style-default\">\n<figure class=\"alignleft size-full is-resized\"><img loading=\"lazy\" decoding=\"async\" src=\"https:\/\/oliverborchers.info\/wp-content\/uploads\/2023\/03\/Borchers_Oliver_Nano_Porto_phantastik-autoren-netzwerk.jpeg\" alt=\"\" class=\"wp-image-11509\" width=\"369\" height=\"561\" srcset=\"https:\/\/oliverborchers.info\/wp-content\/uploads\/2023\/03\/Borchers_Oliver_Nano_Porto_phantastik-autoren-netzwerk.jpeg 1475w, https:\/\/oliverborchers.info\/wp-content\/uploads\/2023\/03\/Borchers_Oliver_Nano_Porto_phantastik-autoren-netzwerk-197x300.jpeg 197w, https:\/\/oliverborchers.info\/wp-content\/uploads\/2023\/03\/Borchers_Oliver_Nano_Porto_phantastik-autoren-netzwerk-673x1024.jpeg 673w, https:\/\/oliverborchers.info\/wp-content\/uploads\/2023\/03\/Borchers_Oliver_Nano_Porto_phantastik-autoren-netzwerk-768x1169.jpeg 768w, https:\/\/oliverborchers.info\/wp-content\/uploads\/2023\/03\/Borchers_Oliver_Nano_Porto_phantastik-autoren-netzwerk-1009x1536.jpeg 1009w, https:\/\/oliverborchers.info\/wp-content\/uploads\/2023\/03\/Borchers_Oliver_Nano_Porto_phantastik-autoren-netzwerk-1346x2048.jpeg 1346w\" sizes=\"auto, (max-width: 369px) 100vw, 369px\" \/><\/figure>\n<\/div>\n\n\n<p class=\"has-normal-font-size\">Nach dem Sieg \u00fcber die K\u00fcnstliche Intelligenz des Professors Launel in L\u00fcneburg w\u00e4hnen sich<strong> Steam und Johann<\/strong> in Porto sicher.<br><br>Als sich \u00fcberall auf der Welt Ereignisse h\u00e4ufen, die auf erneute KI-Aktivit\u00e4ten hindeuten, wird Steams ehemalige Freundin <strong>Cara <\/strong>verd\u00e4chtigt. Doch die k\u00e4mpft im benachbarten Spanien mit unheimlichen Wesen, den <em>Sleepern<\/em>, die den Untergang der Menschen bedeuten k\u00f6nnten.<\/p>\n\n\n\n<p class=\"has-normal-font-size\"><strong>Steam und Cara sind Protagonisten in einem Kampf gegen KIs und andere Gegner.  <\/strong><\/p>\n\n\n\n<p class=\"has-small-font-size\">Verf\u00fcgbar auf amazon als <a href=\"https:\/\/www.amazon.de\/Nano-Porto-Oliver-Borchers\/dp\/3985280207\">Taschenbuch <\/a>oder <a href=\"https:\/\/www.amazon.de\/Nano-Porto-Oliver-Borchers-ebook\/dp\/B0BZJWSHD4\">ebook<\/a><\/p>\n\n\n\n<p><\/p>\n","protected":false},"excerpt":{"rendered":"<p>Nano: Porto ein Cyberpunk Roman der zweite Teil der Nano: Reihe. D\u00fcster wie der erste &#8211; diesmal jedoch in Portugal. Urlaubsstimmung ist nicht angesagt, denn die dystopischen Ereignisse sind auch an diesem Land nicht spurlos vorbeigegangen. Nach dem Sieg \u00fcber die K\u00fcnstliche Intelligenz des Professors Launel in L\u00fcneburg w\u00e4hnen sich Steam und Johann in Porto<\/p>\n<p class=\"more-link\"><a href=\"https:\/\/oliverborchers.info\/?page_id=11529\" class=\"themebutton2\">Read More<\/a><\/p>\n","protected":false},"author":3,"featured_media":0,"parent":0,"menu_order":0,"comment_status":"closed","ping_status":"closed","template":"","meta":{"footnotes":""},"categories":[39],"tags":[],"class_list":["post-11529","page","type-page","status-publish","hentry","category-veroeffentlichungen"],"_links":{"self":[{"href":"https:\/\/oliverborchers.info\/index.php?rest_route=\/wp\/v2\/pages\/11529","targetHints":{"allow":["GET"]}}],"collection":[{"href":"https:\/\/oliverborchers.info\/index.php?rest_route=\/wp\/v2\/pages"}],"about":[{"href":"https:\/\/oliverborchers.info\/index.php?rest_route=\/wp\/v2\/types\/page"}],"author":[{"embeddable":true,"href":"https:\/\/oliverborchers.info\/index.php?rest_route=\/wp\/v2\/users\/3"}],"replies":[{"embeddable":true,"href":"https:\/\/oliverborchers.info\/index.php?rest_route=%2Fwp%2Fv2%2Fcomments&post=11529"}],"version-history":[{"count":4,"href":"https:\/\/oliverborchers.info\/index.php?rest_route=\/wp\/v2\/pages\/11529\/revisions"}],"predecessor-version":[{"id":11536,"href":"https:\/\/oliverborchers.info\/index.php?rest_route=\/wp\/v2\/pages\/11529\/revisions\/11536"}],"wp:attachment":[{"href":"https:\/\/oliverborchers.info\/index.php?rest_route=%2Fwp%2Fv2%2Fmedia&parent=11529"}],"wp:term":[{"taxonomy":"category","embeddable":true,"href":"https:\/\/oliverborchers.info\/index.php?rest_route=%2Fwp%2Fv2%2Fcategories&post=11529"},{"taxonomy":"post_tag","embeddable":true,"href":"https:\/\/oliverborchers.info\/index.php?rest_route=%2Fwp%2Fv2%2Ftags&post=11529"}],"curies":[{"name":"wp","href":"https:\/\/api.w.org\/{rel}","templated":true}]}}