{"id":11482,"date":"2022-11-01T12:04:56","date_gmt":"2022-11-01T12:04:56","guid":{"rendered":"https:\/\/oliverborchers.info\/?page_id=11482"},"modified":"2022-11-01T16:48:29","modified_gmt":"2022-11-01T16:48:29","slug":"kurzgeschichte-vinganca-in-anthologie-geheimnisvolle-gebaeude-shadodex","status":"publish","type":"page","link":"https:\/\/oliverborchers.info\/?page_id=11482","title":{"rendered":"Vingan\u00e7a  (Geheimnisvolle Geb\u00e4ude)"},"content":{"rendered":"\n<p style=\"font-size:26px\"><strong>Kurzgeschichte &#8222;Vingan\u00e7a&#8220; in Anthologie &#8222;Geheimnisvolle Geb\u00e4ude&#8220; (Shadodex)<\/strong><\/p>\n\n\n\n<figure class=\"wp-block-image size-large is-resized\"><img loading=\"lazy\" decoding=\"async\" src=\"https:\/\/oliverborchers.info\/wp-content\/uploads\/2022\/11\/Bildschirmfoto-2022-11-01-um-17.24.49-723x1024.png\" alt=\"\" class=\"wp-image-11490\" width=\"255\" height=\"362\" srcset=\"https:\/\/oliverborchers.info\/wp-content\/uploads\/2022\/11\/Bildschirmfoto-2022-11-01-um-17.24.49-723x1024.png 723w, https:\/\/oliverborchers.info\/wp-content\/uploads\/2022\/11\/Bildschirmfoto-2022-11-01-um-17.24.49-212x300.png 212w, https:\/\/oliverborchers.info\/wp-content\/uploads\/2022\/11\/Bildschirmfoto-2022-11-01-um-17.24.49-768x1087.png 768w, https:\/\/oliverborchers.info\/wp-content\/uploads\/2022\/11\/Bildschirmfoto-2022-11-01-um-17.24.49.png 1020w\" sizes=\"auto, (max-width: 255px) 100vw, 255px\" \/><\/figure>\n\n\n\n<p class=\"has-text-align-left has-medium-font-size\"><em>Verlassen liegen sie da. Niemand hat sie seit Jahren betreten. Es gibt sie in fast jedem Ort: alte, schon lange leer stehende H\u00e4user \u2013 verfallen, abbruchreif, die Fassade br\u00f6ckelt, die Fenster sind blind oder gar gesplittert. Niemand wagt sich mehr hinein. Doch warum wurden diese Geb\u00e4ude verlassen? Welche Geschichten erz\u00e4hlt man sich hinter vorgehaltener Hand dar\u00fcber? Und wieso werden manche dieser H\u00e4user sogar gemieden? Was ist dort geschehen? Neugierig geworden? Dann folgt uns einfach und betretet die sogenannten Geisterh\u00e4user. Lasst euch \u00fcberraschen, welche Mysterien die Geschichten jeweils aufdecken werden.<\/em><\/p>\n\n\n\n<p class=\"has-medium-font-size\">Die Kurzgeschichte &#8222;Vingan\u00e7a&#8220; ist etwas ganz besonderes f\u00fcr mich: in ihr lernen und feiern Sch\u00fcler der Deutschen Schule zu Porto in einer Ruine in Foz\/Porto und beschw\u00f6ren dabei die Rache eines ehemaligen Bewohners herauf. Nat\u00fcrlich ist diese Geschichte komplett fiktional, aber sie ist von einigen meiner Erlebnisse in den 80er Jahren inspiriert (ich war Sch\u00fcler der DSP in Porto!). <a href=\"http:\/\/www.verlag-der-schatten.de\/geheimnisvolle%20gebaeude.htm\">Ver\u00f6ffentlichung<\/a> im Oktober 2022 im Shadodex Verlag.<\/p>\n","protected":false},"excerpt":{"rendered":"<p>Kurzgeschichte &#8222;Vingan\u00e7a&#8220; in Anthologie &#8222;Geheimnisvolle Geb\u00e4ude&#8220; (Shadodex) Verlassen liegen sie da. Niemand hat sie seit Jahren betreten. Es gibt sie in fast jedem Ort: alte, schon lange leer stehende H\u00e4user \u2013 verfallen, abbruchreif, die Fassade br\u00f6ckelt, die Fenster sind blind oder gar gesplittert. Niemand wagt sich mehr hinein. Doch warum wurden diese Geb\u00e4ude verlassen? Welche<\/p>\n<p class=\"more-link\"><a href=\"https:\/\/oliverborchers.info\/?page_id=11482\" class=\"themebutton2\">Read More<\/a><\/p>\n","protected":false},"author":3,"featured_media":0,"parent":106,"menu_order":0,"comment_status":"closed","ping_status":"closed","template":"","meta":{"footnotes":""},"categories":[39],"tags":[],"class_list":["post-11482","page","type-page","status-publish","hentry","category-veroeffentlichungen"],"_links":{"self":[{"href":"https:\/\/oliverborchers.info\/index.php?rest_route=\/wp\/v2\/pages\/11482","targetHints":{"allow":["GET"]}}],"collection":[{"href":"https:\/\/oliverborchers.info\/index.php?rest_route=\/wp\/v2\/pages"}],"about":[{"href":"https:\/\/oliverborchers.info\/index.php?rest_route=\/wp\/v2\/types\/page"}],"author":[{"embeddable":true,"href":"https:\/\/oliverborchers.info\/index.php?rest_route=\/wp\/v2\/users\/3"}],"replies":[{"embeddable":true,"href":"https:\/\/oliverborchers.info\/index.php?rest_route=%2Fwp%2Fv2%2Fcomments&post=11482"}],"version-history":[{"count":7,"href":"https:\/\/oliverborchers.info\/index.php?rest_route=\/wp\/v2\/pages\/11482\/revisions"}],"predecessor-version":[{"id":11500,"href":"https:\/\/oliverborchers.info\/index.php?rest_route=\/wp\/v2\/pages\/11482\/revisions\/11500"}],"up":[{"embeddable":true,"href":"https:\/\/oliverborchers.info\/index.php?rest_route=\/wp\/v2\/pages\/106"}],"wp:attachment":[{"href":"https:\/\/oliverborchers.info\/index.php?rest_route=%2Fwp%2Fv2%2Fmedia&parent=11482"}],"wp:term":[{"taxonomy":"category","embeddable":true,"href":"https:\/\/oliverborchers.info\/index.php?rest_route=%2Fwp%2Fv2%2Fcategories&post=11482"},{"taxonomy":"post_tag","embeddable":true,"href":"https:\/\/oliverborchers.info\/index.php?rest_route=%2Fwp%2Fv2%2Ftags&post=11482"}],"curies":[{"name":"wp","href":"https:\/\/api.w.org\/{rel}","templated":true}]}}