{"id":11449,"date":"2020-10-15T09:11:36","date_gmt":"2020-10-15T09:11:36","guid":{"rendered":"http:\/\/oliverborchers.info\/?page_id=11449"},"modified":"2021-01-15T08:51:55","modified_gmt":"2021-01-15T08:51:55","slug":"nano-lueneburg","status":"publish","type":"page","link":"https:\/\/oliverborchers.info\/?page_id=11449","title":{"rendered":"Nano: L\u00fcneburg"},"content":{"rendered":"\n<p class=\"has-medium-font-size\"><strong>NANO: L\u00fcneburg<\/strong><\/p>\n\n\n\n<p class=\"has-normal-font-size\"><strong>ein Cyberpunk Roman<\/strong><\/p>\n\n\n\n<p class=\"has-normal-font-size\"><strong>seit dem Film Bladerunner bin ich ein gro\u00dfer Fan von Cyberpunk. <\/strong>Der d\u00fcstere, dystopisch anmutende Hintergrund, gepaart mit Technik, die die Menschlichkeit verdr\u00e4ngen &#8211; das ist das Rezept f\u00fcr tolle Geschichten. <\/p>\n\n\n\n<div class=\"wp-block-image\"><figure class=\"alignleft size-large is-resized\"><img loading=\"lazy\" decoding=\"async\" src=\"https:\/\/oliverborchers.info\/wp-content\/uploads\/2020\/10\/E-Book_Cover_Nano_-673x1024.jpg\" alt=\"\" class=\"wp-image-11446\" width=\"248\" height=\"376\"\/><\/figure><\/div>\n\n\n\n<p class=\"has-normal-font-size\">Nano:L\u00fcneburg spielt nicht, wie sonst bei Cyberpunk \u00fcblich, in<strong> Fernost oder Amerika, sondern hier, mitten in Europa<\/strong>. In einer nicht allzu fernen Zukunft hat die Nanotechnik in Form von nanoskopisch kleinen Robotern, den Nano-Bots, die Technologie revolutioniert.<strong> Sie ist omnipr\u00e4sent<\/strong>, egal in welche Bereiche man schaut, Konstruktion, Medizin, Mobilit\u00e4t, Umweltschutz, \u00fcberall befinden sich<strong> Nanobots<\/strong>, die sich bei Bedarf verbinden und zu Werkzeugen, n\u00fctzlichen Ger\u00e4ten und ja, <strong>auch Implantaten werden.<\/strong> Es gibt sogar reiche Leute, die einige K\u00f6rperteile mit Nano-Implantaten ersetzen lassen, die besser, und leistungsf\u00e4higer sind als die Originale.&nbsp;<\/p>\n\n\n\n<p class=\"has-normal-font-size\"><strong>Doch etwas ist schief gelaufen!<\/strong><\/p>\n\n\n\n<p class=\"has-normal-font-size\"> Es kommt zur sogenannten N<strong>ano-Katatstrophe, nach der die kleinen Nanobots <\/strong>auf einen Schlag nicht mehr funktionieren. Die ganze Welt, die so abh\u00e4ngig von der Technologie geworden war, versinkt im Chaos.&nbsp; Traumatisierte Menschen mit toten und schmerzhaften Implantaten, versuchen die Welt, die Zivilisation aufrechtzuerhalten.<\/p>\n\n\n\n<p class=\"has-normal-font-size\"><strong>Wer viel Geld hat, <\/strong>kann sich die Implantate entfernen lassen.<\/p>\n\n\n\n<p class=\"has-normal-font-size\">Die Protagonistin des Romans, Steam, die hat nicht viel Geld, nur viele Implantate und noch mehr Schmerzen. Doch auch sie versucht sich in dieser Welt zurechtzufinden &#8230;<\/p>\n\n\n\n<p class=\"has-normal-font-size\">Nano: L\u00fcneburg ist \u00fcberall dort verf\u00fcgbar, wo es B\u00fccher gibt; online empfehle ich den <a rel=\"noreferrer noopener\" href=\"https:\/\/www.verlag-der-schatten.com\/product_info.php?info=p76_-nano--lueneburg--von-oliver-borchers.html\" target=\"_blank\">Verlagsshop<\/a> oder <a rel=\"noreferrer noopener\" href=\"https:\/\/www.amazon.de\/Nano-L\u00fcneburg-Oliver-Borchers\/dp\/3946381944\" target=\"_blank\">Amazon<\/a>.<\/p>\n\n\n\n<p>Produktinformation:<\/p>\n\n\n\n<ul class=\"wp-block-list\"><li><strong>Taschenbuch :&nbsp;<\/strong>228 Seiten<\/li><li><strong>ISBN-13 :&nbsp;<\/strong>978-3946381945<\/li><li><strong>ISBN-10 :&nbsp;<\/strong>3946381944<\/li><li><strong>Gr\u00f6\u00dfe und\/oder Gewicht :&nbsp;<\/strong>12.5 x 1.3 x 18.5 cm<\/li><li><strong>Herausgeber :&nbsp;<\/strong>Shadodex &#8211; Verlag der Schatten (26. Oktober 2020)<\/li><\/ul>\n\n\n\n<p><\/p>\n","protected":false},"excerpt":{"rendered":"<p>NANO: L\u00fcneburg ein Cyberpunk Roman seit dem Film Bladerunner bin ich ein gro\u00dfer Fan von Cyberpunk. Der d\u00fcstere, dystopisch anmutende Hintergrund, gepaart mit Technik, die die Menschlichkeit verdr\u00e4ngen &#8211; das ist das Rezept f\u00fcr tolle Geschichten. Nano:L\u00fcneburg spielt nicht, wie sonst bei Cyberpunk \u00fcblich, in Fernost oder Amerika, sondern hier, mitten in Europa. In einer<\/p>\n<p class=\"more-link\"><a href=\"https:\/\/oliverborchers.info\/?page_id=11449\" class=\"themebutton2\">Read More<\/a><\/p>\n","protected":false},"author":3,"featured_media":0,"parent":0,"menu_order":0,"comment_status":"closed","ping_status":"closed","template":"","meta":{"footnotes":""},"categories":[39],"tags":[],"class_list":["post-11449","page","type-page","status-publish","hentry","category-veroeffentlichungen"],"_links":{"self":[{"href":"https:\/\/oliverborchers.info\/index.php?rest_route=\/wp\/v2\/pages\/11449","targetHints":{"allow":["GET"]}}],"collection":[{"href":"https:\/\/oliverborchers.info\/index.php?rest_route=\/wp\/v2\/pages"}],"about":[{"href":"https:\/\/oliverborchers.info\/index.php?rest_route=\/wp\/v2\/types\/page"}],"author":[{"embeddable":true,"href":"https:\/\/oliverborchers.info\/index.php?rest_route=\/wp\/v2\/users\/3"}],"replies":[{"embeddable":true,"href":"https:\/\/oliverborchers.info\/index.php?rest_route=%2Fwp%2Fv2%2Fcomments&post=11449"}],"version-history":[{"count":5,"href":"https:\/\/oliverborchers.info\/index.php?rest_route=\/wp\/v2\/pages\/11449\/revisions"}],"predecessor-version":[{"id":11473,"href":"https:\/\/oliverborchers.info\/index.php?rest_route=\/wp\/v2\/pages\/11449\/revisions\/11473"}],"wp:attachment":[{"href":"https:\/\/oliverborchers.info\/index.php?rest_route=%2Fwp%2Fv2%2Fmedia&parent=11449"}],"wp:term":[{"taxonomy":"category","embeddable":true,"href":"https:\/\/oliverborchers.info\/index.php?rest_route=%2Fwp%2Fv2%2Fcategories&post=11449"},{"taxonomy":"post_tag","embeddable":true,"href":"https:\/\/oliverborchers.info\/index.php?rest_route=%2Fwp%2Fv2%2Ftags&post=11449"}],"curies":[{"name":"wp","href":"https:\/\/api.w.org\/{rel}","templated":true}]}}