{"id":11399,"date":"2019-08-24T11:23:03","date_gmt":"2019-08-24T11:23:03","guid":{"rendered":"http:\/\/oliverborchers.info\/?page_id=11399"},"modified":"2019-08-24T13:36:28","modified_gmt":"2019-08-24T13:36:28","slug":"autorenfreunde","status":"publish","type":"page","link":"https:\/\/oliverborchers.info\/?page_id=11399","title":{"rendered":"AutorenfreundInnen"},"content":{"rendered":"\n<p class=\"has-medium-font-size\"><strong>AutorenfreundInnen<\/strong><\/p>\n\n\n\n<figure class=\"wp-block-image is-resized\"><img loading=\"lazy\" decoding=\"async\" src=\"https:\/\/oliverborchers.info\/wp-content\/uploads\/2019\/08\/Autorenbild-1024x683.jpg\" alt=\"\" class=\"wp-image-11403\" width=\"328\" height=\"218\" srcset=\"https:\/\/oliverborchers.info\/wp-content\/uploads\/2019\/08\/Autorenbild-1024x683.jpg 1024w, https:\/\/oliverborchers.info\/wp-content\/uploads\/2019\/08\/Autorenbild-300x200.jpg 300w, https:\/\/oliverborchers.info\/wp-content\/uploads\/2019\/08\/Autorenbild-768x512.jpg 768w, https:\/\/oliverborchers.info\/wp-content\/uploads\/2019\/08\/Autorenbild-570x380.jpg 570w, https:\/\/oliverborchers.info\/wp-content\/uploads\/2019\/08\/Autorenbild-380x254.jpg 380w, https:\/\/oliverborchers.info\/wp-content\/uploads\/2019\/08\/Autorenbild-285x190.jpg 285w, https:\/\/oliverborchers.info\/wp-content\/uploads\/2019\/08\/Autorenbild.jpg 2048w\" sizes=\"auto, (max-width: 328px) 100vw, 328px\" \/><figcaption>Eva von Kalm<\/figcaption><\/figure>\n\n\n\n<p class=\"has-medium-font-size\"><strong>Eva von Kalm <\/strong><\/p>\n\n\n\n<p class=\"has-normal-font-size\">1986 in D\u00fcsseldorf geboren, wuchs Eva von Kalm in der N\u00e4he von Bonn am Rhein auf. Ihre Kindheit war begleitet von M\u00e4rchen und bald auch Geschichten, die sie selber erz\u00e4hlte und aufschrieb.<\/p>\n\n\n\n<p class=\"has-normal-font-size\">2005 begann sie das Studium der Humanmedizin, das sie 2012 abschloss. F\u00fcr sechs Jahre arbeitete sie als &#8222;Sandm\u00e4nnchen&#8220; (An\u00e4sthesistin), jetzt hat es sie auf neue Abenteuerreise in die Welt der Arbeitsmedizin verschlagen.<\/p>\n\n\n\n<p class=\"has-normal-font-size\">Von M\u00e4rchen bis heute inspiriert, schrieb sie ihre ersten Kinderb\u00fccher, Fortsetzungsgeschichten von Tom dem Waldgeist.&nbsp;<\/p>\n\n\n\n<p class=\"has-normal-font-size\">Einige Kurzgeschichten f\u00fcr Erwachsene und Kinder sind mittlerweile in Anthologien erschienen, der erste Fantasyroman wird 2021 erscheinen. Stetig wachsen ihre Fantasywelten und sie freut sich darauf sie mit vielen Lesern teilen zu d\u00fcrfen.<\/p>\n\n\n\n<p class=\"has-normal-font-size\"><a href=\"http:\/\/www.schreiben-ist-leben.de\/\">www.schreiben-ist-leben.de<\/a><\/p>\n\n\n\n<p><\/p>\n\n\n\n<p><\/p>\n","protected":false},"excerpt":{"rendered":"<p>AutorenfreundInnen Eva von Kalm 1986 in D\u00fcsseldorf geboren, wuchs Eva von Kalm in der N\u00e4he von Bonn am Rhein auf. Ihre Kindheit war begleitet von M\u00e4rchen und bald auch Geschichten, die sie selber erz\u00e4hlte und aufschrieb. 2005 begann sie das Studium der Humanmedizin, das sie 2012 abschloss. F\u00fcr sechs Jahre arbeitete sie als &#8222;Sandm\u00e4nnchen&#8220; (An\u00e4sthesistin),<\/p>\n<p class=\"more-link\"><a href=\"https:\/\/oliverborchers.info\/?page_id=11399\" class=\"themebutton2\">Read More<\/a><\/p>\n","protected":false},"author":3,"featured_media":0,"parent":0,"menu_order":0,"comment_status":"closed","ping_status":"closed","template":"","meta":{"footnotes":""},"categories":[37],"tags":[],"class_list":["post-11399","page","type-page","status-publish","hentry","category-information"],"_links":{"self":[{"href":"https:\/\/oliverborchers.info\/index.php?rest_route=\/wp\/v2\/pages\/11399","targetHints":{"allow":["GET"]}}],"collection":[{"href":"https:\/\/oliverborchers.info\/index.php?rest_route=\/wp\/v2\/pages"}],"about":[{"href":"https:\/\/oliverborchers.info\/index.php?rest_route=\/wp\/v2\/types\/page"}],"author":[{"embeddable":true,"href":"https:\/\/oliverborchers.info\/index.php?rest_route=\/wp\/v2\/users\/3"}],"replies":[{"embeddable":true,"href":"https:\/\/oliverborchers.info\/index.php?rest_route=%2Fwp%2Fv2%2Fcomments&post=11399"}],"version-history":[{"count":11,"href":"https:\/\/oliverborchers.info\/index.php?rest_route=\/wp\/v2\/pages\/11399\/revisions"}],"predecessor-version":[{"id":11422,"href":"https:\/\/oliverborchers.info\/index.php?rest_route=\/wp\/v2\/pages\/11399\/revisions\/11422"}],"wp:attachment":[{"href":"https:\/\/oliverborchers.info\/index.php?rest_route=%2Fwp%2Fv2%2Fmedia&parent=11399"}],"wp:term":[{"taxonomy":"category","embeddable":true,"href":"https:\/\/oliverborchers.info\/index.php?rest_route=%2Fwp%2Fv2%2Fcategories&post=11399"},{"taxonomy":"post_tag","embeddable":true,"href":"https:\/\/oliverborchers.info\/index.php?rest_route=%2Fwp%2Fv2%2Ftags&post=11399"}],"curies":[{"name":"wp","href":"https:\/\/api.w.org\/{rel}","templated":true}]}}