{"id":11248,"date":"2017-05-01T10:47:27","date_gmt":"2017-05-01T10:47:27","guid":{"rendered":"http:\/\/blog.oliverborchers.info\/?page_id=11248"},"modified":"2021-09-13T09:14:56","modified_gmt":"2021-09-13T09:14:56","slug":"projekt-zeitmanager-geraeusch-der-fliehenden-zeit","status":"publish","type":"page","link":"https:\/\/oliverborchers.info\/?page_id=11248","title":{"rendered":"Der Flug des Falken (Dominium Terrae)"},"content":{"rendered":"\n<div class=\"wp-block-group\"><div class=\"wp-block-group__inner-container is-layout-flow wp-block-group-is-layout-flow\"><\/div><\/div>\n\n\n<p><strong><span style=\"font-size: 14pt;\">Kurzgeschichte &#8222;Der Flug des Falken&#8220; in Anthologie &#8222;Dominium Terrae&#8220; (Shadodex)<\/span><\/strong><\/p>\n<p>\u00a0<\/p>\n<p>\u00a0<\/p>\n<p><span style=\"font-family: georgia, palatino, serif; font-size: 14pt;\"><em><img loading=\"lazy\" decoding=\"async\" class=\"alignnone  wp-image-11476\" src=\"https:\/\/oliverborchers.info\/wp-content\/uploads\/2021\/09\/Dominium-Terrae_E-Book-216x300.jpg\" alt=\"\" width=\"130\" height=\"181\" srcset=\"https:\/\/oliverborchers.info\/wp-content\/uploads\/2021\/09\/Dominium-Terrae_E-Book-216x300.jpg 216w, https:\/\/oliverborchers.info\/wp-content\/uploads\/2021\/09\/Dominium-Terrae_E-Book-736x1024.jpg 736w, https:\/\/oliverborchers.info\/wp-content\/uploads\/2021\/09\/Dominium-Terrae_E-Book-768x1069.jpg 768w, https:\/\/oliverborchers.info\/wp-content\/uploads\/2021\/09\/Dominium-Terrae_E-Book-1104x1536.jpg 1104w, https:\/\/oliverborchers.info\/wp-content\/uploads\/2021\/09\/Dominium-Terrae_E-Book-1472x2048.jpg 1472w, https:\/\/oliverborchers.info\/wp-content\/uploads\/2021\/09\/Dominium-Terrae_E-Book.jpg 1748w\" sizes=\"auto, (max-width: 130px) 100vw, 130px\" \/>Am 27. August 1973 um 19:23 Uhr verschwanden \u00fcber der W\u00fcste Karakum in Turkmenistan ein Warbird und eine Tupolew Tu-144 spurlos in einer blitzenden gelbgr\u00fcnen Wolke, die aus dem Erdreich drang.<br \/>Genau f\u00fcnfzig Jahre sp\u00e4ter wird diese auf dem Frankfurter Flughafen erneut ausbrechen, und auch die beiden Flugzeuge werden wiederkehren.<br \/>Was aber hat es mit der seltsamen gelbgr\u00fcnen Wolke auf sich, die mithilfe der Piloten des Warbird und der Tu-144 zur gr\u00f6\u00dften Bedrohung f\u00fcr die Menschheit werden soll? Und was hat Fracking damit zu tun?<\/em><\/span><\/p>\n<p><span style=\"font-size: 14pt; font-family: georgia, palatino, serif;\">Die Kurzgeschichte &#8222;Der Flug des Falken&#8220; spielt zum gr\u00f6\u00dften Teil an Bord eines Scheibe Falken SF25 &#8211; das Flugzeug,in dem ich tats\u00e4chlich meine Pilotenausbildung genossen habe. Die Geschehnisse in diesem Anthologie &#8211; Roman entsprechen allerdings zum Gl\u00fcck nicht der Wahrheit. Gruselstory und Luftfahrt &#8211; das ist das Rezept dieses Buches. <a href=\"https:\/\/www.amazon.de\/Dominium-Terrae-Menschheit-Shada-Astart\/dp\/3985280037\">Ver\u00f6ffentlichung<\/a> im September 2021 im Shadodex Verlag.<\/span><\/p>","protected":false},"excerpt":{"rendered":"<p>Kurzgeschichte &#8222;Der Flug des Falken&#8220; in Anthologie &#8222;Dominium Terrae&#8220; (Shadodex) \u00a0 \u00a0 Am 27. August 1973 um 19:23 Uhr verschwanden \u00fcber der W\u00fcste Karakum in Turkmenistan ein Warbird und eine Tupolew Tu-144 spurlos in einer blitzenden gelbgr\u00fcnen Wolke, die aus dem Erdreich drang.Genau f\u00fcnfzig Jahre sp\u00e4ter wird diese auf dem Frankfurter Flughafen erneut ausbrechen, und<\/p>\n<p class=\"more-link\"><a href=\"https:\/\/oliverborchers.info\/?page_id=11248\" class=\"themebutton2\">Read More<\/a><\/p>\n","protected":false},"author":1,"featured_media":0,"parent":0,"menu_order":0,"comment_status":"closed","ping_status":"closed","template":"","meta":{"footnotes":""},"categories":[39],"tags":[],"class_list":["post-11248","page","type-page","status-publish","hentry","category-veroeffentlichungen"],"_links":{"self":[{"href":"https:\/\/oliverborchers.info\/index.php?rest_route=\/wp\/v2\/pages\/11248","targetHints":{"allow":["GET"]}}],"collection":[{"href":"https:\/\/oliverborchers.info\/index.php?rest_route=\/wp\/v2\/pages"}],"about":[{"href":"https:\/\/oliverborchers.info\/index.php?rest_route=\/wp\/v2\/types\/page"}],"author":[{"embeddable":true,"href":"https:\/\/oliverborchers.info\/index.php?rest_route=\/wp\/v2\/users\/1"}],"replies":[{"embeddable":true,"href":"https:\/\/oliverborchers.info\/index.php?rest_route=%2Fwp%2Fv2%2Fcomments&post=11248"}],"version-history":[{"count":10,"href":"https:\/\/oliverborchers.info\/index.php?rest_route=\/wp\/v2\/pages\/11248\/revisions"}],"predecessor-version":[{"id":11477,"href":"https:\/\/oliverborchers.info\/index.php?rest_route=\/wp\/v2\/pages\/11248\/revisions\/11477"}],"wp:attachment":[{"href":"https:\/\/oliverborchers.info\/index.php?rest_route=%2Fwp%2Fv2%2Fmedia&parent=11248"}],"wp:term":[{"taxonomy":"category","embeddable":true,"href":"https:\/\/oliverborchers.info\/index.php?rest_route=%2Fwp%2Fv2%2Fcategories&post=11248"},{"taxonomy":"post_tag","embeddable":true,"href":"https:\/\/oliverborchers.info\/index.php?rest_route=%2Fwp%2Fv2%2Ftags&post=11248"}],"curies":[{"name":"wp","href":"https:\/\/api.w.org\/{rel}","templated":true}]}}