{"id":11080,"date":"2016-03-01T08:43:23","date_gmt":"2016-03-01T08:43:23","guid":{"rendered":"http:\/\/blog.oliverborchers.info\/?page_id=11080"},"modified":"2016-03-01T09:07:28","modified_gmt":"2016-03-01T09:07:28","slug":"ein-orbit-voller-hacker","status":"publish","type":"page","link":"https:\/\/oliverborchers.info\/?page_id=11080","title":{"rendered":"Ein Orbit voller Hacker"},"content":{"rendered":"<p><strong><span style=\"font-size: 14pt;\">&#8222;Ein Orbit voller Hacker&#8220; &#8211; mein Deb\u00fctroman!<\/span><\/strong><\/p>\n<p>&nbsp;<br \/>\n<img loading=\"lazy\" decoding=\"async\" class=\"alignleft wp-image-11082\" src=\"http:\/\/blog.oliverborchers.info\/wp-content\/uploads\/2016\/03\/oliverborchers_cover-188x300.jpg\" alt=\"oliverborchers_cover\" width=\"184\" height=\"294\" srcset=\"https:\/\/oliverborchers.info\/wp-content\/uploads\/2016\/03\/oliverborchers_cover-188x300.jpg 188w, https:\/\/oliverborchers.info\/wp-content\/uploads\/2016\/03\/oliverborchers_cover-768x1228.jpg 768w, https:\/\/oliverborchers.info\/wp-content\/uploads\/2016\/03\/oliverborchers_cover-640x1024.jpg 640w, https:\/\/oliverborchers.info\/wp-content\/uploads\/2016\/03\/oliverborchers_cover.jpg 1563w\" sizes=\"auto, (max-width: 184px) 100vw, 184px\" \/><span style=\"font-size: 12pt;\">Gefahr im Orbit \u00fcber Paderborn! <\/span><br \/>\n<span style=\"font-size: 12pt;\">Im Jahr 1058 drohen Wesen vom Planeten Nerdus mit der Invasion von Paderborn. Erbost dar\u00fcber, dass sich die Erdlinge trotz aller Emails und Drohvideos nicht unterworfen haben, beginnen die Nerdaner mit der Vernichtung der Stadt und entf\u00fchren nebenbei auch noch die Verlobte des Stadtgrafen Ansgar. <\/span><br \/>\n<span style=\"font-size: 12pt;\">Dieser ist \u00fcberzeugt davon, es mit dem Teufel zu tun zu haben, und nimmt den Kampf gegen die technikbesessenen Feinde mit Hilfe defekter Computer und frustrierter Hacker auf. <\/span><\/p>\n<p><span style=\"font-size: 12pt;\">Ein Orbit voller Hacker ist ein humorvoller Science-Fiction Roman. Die Geschichte parodiert die Nutzung heutiger Mobilger\u00e4te, beschreibt die Kommunikations(un)f\u00e4higkeit typischer Nerds und greift dabei Elemente auf, die aus der IT-Branche kommen. <\/span><br \/>\n<span style=\"font-size: 12pt;\">Die Geschichte findet im Jahre 1058 statt, ein typischer Vertreter der Menschheit wird an Nerd-Technologie herangef\u00fchrt, von der er glaubt, sie w\u00fcrde vom Teufel stammen. Er und einige Hacker k\u00e4mpfen gegen die Moderatoren, die die Erde zerst\u00f6ren wollen. <\/span><\/p>\n<p><span style=\"font-size: 12pt;\">Warum sie das vorhaben, was die Prophezeiung eines Einsiedlers damit zu tun hat und welchen Bl\u00f6dsinn ein Hacker im Orbit anstellen kann, wird auf knapp 303 Seiten verraten. <\/span><\/p>\n<p><span style=\"font-size: 12pt;\">Erh\u00e4ltlich als ebook und Taschenbuch\u00a0<a href=\"http:\/\/www.amazon.de\/Ein-Orbit-voller-Hacker-Nerdaner-ebook\/dp\/B013ZKZQZA\" target=\"_blank\">hier<\/a><\/span><\/p>\n","protected":false},"excerpt":{"rendered":"<p>&#8222;Ein Orbit voller Hacker&#8220; &#8211; mein Deb\u00fctroman! &nbsp; Gefahr im Orbit \u00fcber Paderborn! Im Jahr 1058 drohen Wesen vom Planeten Nerdus mit der Invasion von Paderborn. Erbost dar\u00fcber, dass sich die Erdlinge trotz aller Emails und Drohvideos nicht unterworfen haben, beginnen die Nerdaner mit der Vernichtung der Stadt und entf\u00fchren nebenbei auch noch die Verlobte<\/p>\n<p class=\"more-link\"><a href=\"https:\/\/oliverborchers.info\/?page_id=11080\" class=\"themebutton2\">Read More<\/a><\/p>\n","protected":false},"author":1,"featured_media":0,"parent":0,"menu_order":0,"comment_status":"closed","ping_status":"closed","template":"","meta":{"footnotes":""},"categories":[39],"tags":[],"class_list":["post-11080","page","type-page","status-publish","hentry","category-veroeffentlichungen"],"_links":{"self":[{"href":"https:\/\/oliverborchers.info\/index.php?rest_route=\/wp\/v2\/pages\/11080","targetHints":{"allow":["GET"]}}],"collection":[{"href":"https:\/\/oliverborchers.info\/index.php?rest_route=\/wp\/v2\/pages"}],"about":[{"href":"https:\/\/oliverborchers.info\/index.php?rest_route=\/wp\/v2\/types\/page"}],"author":[{"embeddable":true,"href":"https:\/\/oliverborchers.info\/index.php?rest_route=\/wp\/v2\/users\/1"}],"replies":[{"embeddable":true,"href":"https:\/\/oliverborchers.info\/index.php?rest_route=%2Fwp%2Fv2%2Fcomments&post=11080"}],"version-history":[{"count":6,"href":"https:\/\/oliverborchers.info\/index.php?rest_route=\/wp\/v2\/pages\/11080\/revisions"}],"predecessor-version":[{"id":11099,"href":"https:\/\/oliverborchers.info\/index.php?rest_route=\/wp\/v2\/pages\/11080\/revisions\/11099"}],"wp:attachment":[{"href":"https:\/\/oliverborchers.info\/index.php?rest_route=%2Fwp%2Fv2%2Fmedia&parent=11080"}],"wp:term":[{"taxonomy":"category","embeddable":true,"href":"https:\/\/oliverborchers.info\/index.php?rest_route=%2Fwp%2Fv2%2Fcategories&post=11080"},{"taxonomy":"post_tag","embeddable":true,"href":"https:\/\/oliverborchers.info\/index.php?rest_route=%2Fwp%2Fv2%2Ftags&post=11080"}],"curies":[{"name":"wp","href":"https:\/\/api.w.org\/{rel}","templated":true}]}}