{"id":106,"date":"2014-04-22T16:20:01","date_gmt":"2014-04-22T16:20:01","guid":{"rendered":"http:\/\/localhost\/thinkupthemes_dev\/harest\/?page_id=106"},"modified":"2022-11-01T16:51:00","modified_gmt":"2022-11-01T16:51:00","slug":"portfolio-1-column","status":"publish","type":"page","link":"https:\/\/oliverborchers.info\/?page_id=106","title":{"rendered":"B\u00fccher"},"content":{"rendered":"<p><span style=\"font-family: helvetica, arial, sans-serif; font-size: 18pt;\"><strong>\u00dcbersicht<\/strong><\/span><\/p>\n<p><span style=\"font-family: helvetica, arial, sans-serif; font-size: 14pt;\">Nano: L\u00fcneburg (<a href=\"https:\/\/oliverborchers.info\/?page_id=11449\">hier<\/a>)<\/span><\/p>\n<p><span style=\"font-size: 14pt; font-family: helvetica, arial, sans-serif;\">Ein Orbit voller Hacker (<a href=\"http:\/\/blog.oliverborchers.info\/?page_id=11080\">hier\u00a0<\/a>)<\/span><\/p>\n<p><span style=\"font-size: 14pt; font-family: helvetica, arial, sans-serif;\">Mysteri\u00f6se Orte (Kalte Vergangenheit) (<a href=\"http:\/\/blog.oliverborchers.info\/?page_id=11100\">hier<\/a>)<\/span><\/p>\n<p><span style=\"font-size: 14pt; font-family: helvetica, arial, sans-serif;\">Dungeongeschichten (Gef\u00e4hrliche Magie) (<a href=\"http:\/\/blog.oliverborchers.info\/?page_id=11105\">hier<\/a>)<\/span><\/p>\n<p><span style=\"font-size: 14pt; font-family: helvetica, arial, sans-serif;\">Der Flug des Falken (Dominium Terrae) (<a href=\"http:\/\/blog.oliverborchers.info\/?page_id=11248\">hier<\/a>)<\/span><\/p>\n<p><span style=\"font-family: helvetica, arial, sans-serif; font-size: 14pt;\">Herzen aus Blech (online Publikation) <a href=\"https:\/\/www.tor-online.de\/fiction\/2018\/06\/herzen-aus-blech-oliver-borchers\/\">(hier<\/a>\u00a0oder <a href=\"https:\/\/oliverborchers.info\/?p=11339\">im Blog<\/a>)<\/span><\/p>\n<p><span style=\"font-family: helvetica, arial, sans-serif; font-size: 14pt;\">Verfluchte Mahnmale und Gedenkst\u00e4tte (Annas Kreuz) (<a href=\"https:\/\/oliverborchers.info\/?page_id=11359\">hier<\/a>)<\/span><\/p>\n<p><span style=\"font-family: helvetica, arial, sans-serif;\">Geheimnisvolle Geb\u00e4ude (Vingan\u00e7a) (<a href=\"https:\/\/oliverborchers.info\/wp-admin\/post.php?post=11482\">hier<\/a>)<\/span><\/p>\n","protected":false},"excerpt":{"rendered":"<p>\u00dcbersicht Nano: L\u00fcneburg (hier) Ein Orbit voller Hacker (hier\u00a0) Mysteri\u00f6se Orte (Kalte Vergangenheit) (hier) Dungeongeschichten (Gef\u00e4hrliche Magie) (hier) Der Flug des Falken (Dominium Terrae) (hier) Herzen aus Blech (online Publikation) (hier\u00a0oder im Blog) Verfluchte Mahnmale und Gedenkst\u00e4tte (Annas Kreuz) (hier) Geheimnisvolle Geb\u00e4ude (Vingan\u00e7a) (hier)<\/p>\n","protected":false},"author":1,"featured_media":0,"parent":2,"menu_order":0,"comment_status":"open","ping_status":"closed","template":"","meta":{"footnotes":""},"categories":[],"tags":[41],"class_list":["post-106","page","type-page","status-publish","hentry","tag-veroeffentlichungen"],"_links":{"self":[{"href":"https:\/\/oliverborchers.info\/index.php?rest_route=\/wp\/v2\/pages\/106","targetHints":{"allow":["GET"]}}],"collection":[{"href":"https:\/\/oliverborchers.info\/index.php?rest_route=\/wp\/v2\/pages"}],"about":[{"href":"https:\/\/oliverborchers.info\/index.php?rest_route=\/wp\/v2\/types\/page"}],"author":[{"embeddable":true,"href":"https:\/\/oliverborchers.info\/index.php?rest_route=\/wp\/v2\/users\/1"}],"replies":[{"embeddable":true,"href":"https:\/\/oliverborchers.info\/index.php?rest_route=%2Fwp%2Fv2%2Fcomments&post=106"}],"version-history":[{"count":21,"href":"https:\/\/oliverborchers.info\/index.php?rest_route=\/wp\/v2\/pages\/106\/revisions"}],"predecessor-version":[{"id":11501,"href":"https:\/\/oliverborchers.info\/index.php?rest_route=\/wp\/v2\/pages\/106\/revisions\/11501"}],"up":[{"embeddable":true,"href":"https:\/\/oliverborchers.info\/index.php?rest_route=\/wp\/v2\/pages\/2"}],"wp:attachment":[{"href":"https:\/\/oliverborchers.info\/index.php?rest_route=%2Fwp%2Fv2%2Fmedia&parent=106"}],"wp:term":[{"taxonomy":"category","embeddable":true,"href":"https:\/\/oliverborchers.info\/index.php?rest_route=%2Fwp%2Fv2%2Fcategories&post=106"},{"taxonomy":"post_tag","embeddable":true,"href":"https:\/\/oliverborchers.info\/index.php?rest_route=%2Fwp%2Fv2%2Ftags&post=106"}],"curies":[{"name":"wp","href":"https:\/\/api.w.org\/{rel}","templated":true}]}}