{"id":10503,"date":"2014-11-05T14:37:00","date_gmt":"2014-11-05T14:37:00","guid":{"rendered":"http:\/\/demo.thinkupthemes.com\/renden-pro\/?page_id=10503"},"modified":"2023-03-12T10:06:35","modified_gmt":"2023-03-12T10:06:35","slug":"video-image","status":"publish","type":"page","link":"https:\/\/oliverborchers.info\/?page_id=10503","title":{"rendered":"Biographie"},"content":{"rendered":"<p><img loading=\"lazy\" decoding=\"async\" class=\"wp-image-11413  alignleft\" src=\"https:\/\/oliverborchers.info\/wp-content\/uploads\/2019\/08\/image-200x300.png\" alt=\"\" width=\"170\" height=\"255\" \/><span style=\"font-size: 12pt;\">Oliver Borchers wurde 1971 in Wiesbaden geboren. Er ist in Porto, Portugal aufgewachsen und hat sich schon fr\u00fch f\u00fcr spannende und humorvolle Geschichten interessiert.<\/span><br \/>\n<span style=\"font-size: 12pt;\"> Sein Faible f\u00fcr die IT &#8211; Branche\u00a0f\u00fchrte ihn \u00fcber Umwege nach Paderborn, wo er heute arbeitet.<\/span><br \/>\n<span style=\"font-size: 12pt;\"> 2010 begann er die Arbeit an seinem Deb\u00fctroman &#8222;Ein Orbit voller Hacker&#8220;, basierend auf einer Idee, die ihm bei einem Schreibseminar gekommen war.\u00a0<\/span><span style=\"font-size: 12pt;\">2015 wurde der Roman ver\u00f6ffentlicht und fand viel Anklang in den Reihen des Zielpublikums.<\/span><br \/>\n<span style=\"font-size: 12pt;\"> Seit 2015 hat er an mehreren Kurzgeschichtenwettbewerben teilgenommen. Vier Geschichten sind\u00a0in\u00a0Anthologien aufgenommen worden, eine Geschichte ist bei t<\/span><span style=\"font-size: 12pt;\">or-online erschienen.<br \/>\nIm Oktober 2020 ist sein zweites Buch erschienen: &#8222;Nano: L\u00fcneburg&#8220;, ein Cyberpunk Roman. Es folgte im M\u00e4rz 2023 &#8222;Nano: Porto&#8220; (Cyberpunk Roman).<\/span><\/p>\n<p><span style=\"font-size: 12pt;\">Er ist Mitbegr\u00fcnder des offenen Autorentreffs Paderborn und seit 2019 Mitglied beim <a href=\"https:\/\/wir-erschaffen-welten.net\/mitglied\/oliver-borchers\/\">Phantastik-Autoren-Netzwerk e.V. (PAN)<\/a><\/span><\/p>\n","protected":false},"excerpt":{"rendered":"<p>Oliver Borchers wurde 1971 in Wiesbaden geboren. Er ist in Porto, Portugal aufgewachsen und hat sich schon fr\u00fch f\u00fcr spannende und humorvolle Geschichten interessiert. Sein Faible f\u00fcr die IT &#8211; Branche\u00a0f\u00fchrte ihn \u00fcber Umwege nach Paderborn, wo er heute arbeitet. 2010 begann er die Arbeit an seinem Deb\u00fctroman &#8222;Ein Orbit voller Hacker&#8220;, basierend auf einer<\/p>\n<p class=\"more-link\"><a href=\"https:\/\/oliverborchers.info\/?page_id=10503\" class=\"themebutton2\">Read More<\/a><\/p>\n","protected":false},"author":1,"featured_media":0,"parent":0,"menu_order":0,"comment_status":"open","ping_status":"open","template":"","meta":{"footnotes":""},"categories":[1],"tags":[],"class_list":["post-10503","page","type-page","status-publish","hentry","category-uncategorized"],"_links":{"self":[{"href":"https:\/\/oliverborchers.info\/index.php?rest_route=\/wp\/v2\/pages\/10503","targetHints":{"allow":["GET"]}}],"collection":[{"href":"https:\/\/oliverborchers.info\/index.php?rest_route=\/wp\/v2\/pages"}],"about":[{"href":"https:\/\/oliverborchers.info\/index.php?rest_route=\/wp\/v2\/types\/page"}],"author":[{"embeddable":true,"href":"https:\/\/oliverborchers.info\/index.php?rest_route=\/wp\/v2\/users\/1"}],"replies":[{"embeddable":true,"href":"https:\/\/oliverborchers.info\/index.php?rest_route=%2Fwp%2Fv2%2Fcomments&post=10503"}],"version-history":[{"count":17,"href":"https:\/\/oliverborchers.info\/index.php?rest_route=\/wp\/v2\/pages\/10503\/revisions"}],"predecessor-version":[{"id":11505,"href":"https:\/\/oliverborchers.info\/index.php?rest_route=\/wp\/v2\/pages\/10503\/revisions\/11505"}],"wp:attachment":[{"href":"https:\/\/oliverborchers.info\/index.php?rest_route=%2Fwp%2Fv2%2Fmedia&parent=10503"}],"wp:term":[{"taxonomy":"category","embeddable":true,"href":"https:\/\/oliverborchers.info\/index.php?rest_route=%2Fwp%2Fv2%2Fcategories&post=10503"},{"taxonomy":"post_tag","embeddable":true,"href":"https:\/\/oliverborchers.info\/index.php?rest_route=%2Fwp%2Fv2%2Ftags&post=10503"}],"curies":[{"name":"wp","href":"https:\/\/api.w.org\/{rel}","templated":true}]}}